{"id":3108,"date":"2017-06-05T19:17:10","date_gmt":"2017-06-05T19:17:10","guid":{"rendered":"https:\/\/irmakcelikyapi.com\/?page_id=3108\/"},"modified":"2018-10-03T08:51:18","modified_gmt":"2018-10-03T05:51:18","slug":"contact","status":"publish","type":"page","link":"https:\/\/irmakcelikyapi.com\/en\/contact\/","title":{"rendered":"Contact Us"},"content":{"rendered":"<p>[vc_row][vc_column]<div data-styles='[{\"featureType\":\"landscape\",\"stylers\":[{\"saturation\":-100},{\"lightness\":65},{\"visibility\":\"on\"}]},{\"featureType\":\"poi\",\"stylers\":[{\"saturation\":-100},{\"lightness\":51},{\"visibility\":\"simplified\"}]},{\"featureType\":\"road.highway\",\"stylers\":[{\"saturation\":-100},{\"visibility\":\"simplified\"}]},{\"featureType\":\"road.arterial\",\"stylers\":[{\"saturation\":-100},{\"lightness\":30},{\"visibility\":\"on\"}]},{\"featureType\":\"road.local\",\"stylers\":[{\"saturation\":-100},{\"lightness\":40},{\"visibility\":\"on\"}]},{\"featureType\":\"transit\",\"stylers\":[{\"saturation\":-100},{\"visibility\":\"simplified\"}]},{\"featureType\":\"administrative.province\",\"stylers\":[{\"visibility\":\"off\"}]},{\"featureType\":\"water\",\"elementType\":\"labels\",\"stylers\":[{\"visibility\":\"on\"},{\"lightness\":-25},{\"saturation\":-100}]},{\"featureType\":\"water\",\"elementType\":\"geometry\",\"stylers\":[{\"hue\":\"#ffff00\"},{\"lightness\":-25},{\"saturation\":-97}]}]' class='map' id='map1' style='height: 550px;' data-type='ROADMAP' data-zoom='15' data-scroll='false' data-markers='{ \"address\": \"K\u00f6seler Mahallesi, \u0130stanbul Mermerciler Sanayii Sitesi 3.Cad. 27.Sok. No:9, 118 Ada 4 Parsel K\u00f6seler K\u00f6y\u00fc, 41455 Dilovas\u0131\/Kocaeli\",  \"center\": \"true\", \"data\": \"<strong>Irmak Yap\u0131<\/strong><\/p><p><strong>K\u00f6seler Mahallesi, \u0130stanbul Mermerciler Sanayii Sitesi 3.Cad. 27.Sok. No:9, 118 Ada 4 Parsel K\u00f6seler K\u00f6y\u00fc, 41455 Dilovas\u0131\/Kocaeli<\/strong><\/p><p><strong>0 262 728 15 35<\/strong>\", \"options\": { \"icon\": \"https:\/\/irmakcelikyapi.com\/wp-content\/uploads\/2016\/01\/mapmarker-2.png\" } }|'><\/div>[\/vc_column][\/vc_row][vc_row css=&#8221;.vc_custom_1494581100433{margin-bottom: 40px !important;}&#8221;][vc_column][vc_custom_heading text=&#8221;Contact Us&#8221; use_theme_fonts=&#8221;yes&#8221; el_class=&#8221;title&#8221;][\/vc_column][vc_column width=&#8221;1\/2&#8243;]<table class='info-table'><\/tbody><tr class='info-table-row'><th class='info-table-icon'><i class='fa fa fa-long-arrow-right'><\/i><\/th><td class='info-table-content'>Irmak Yap\u0131 Sistemleri Ltd. \u015eti.<\/td><\/tr><tr class='info-table-row'><th class='info-table-icon'><i class='fa fa fa-map-marker'><\/i><\/th><td class='info-table-content'>\u0130stanbul Mermerciler K\u00fc\u00e7\u00fck San.Sit.3.Cad.No:9\/1 (118 Ada 4 Parsel) K\u00f6seler K\u00f6y\u00fc Dilovas\u0131\/KOCAEL\u0130<\/td><\/tr><tr class='info-table-row'><th class='info-table-icon'><i class='fa fa fa-phone'><\/i><\/th><td class='info-table-content'><strong><a href='tel: 0-262-728-15-35'> 0 262 728 15 35<\/a><\/strong><\/td><\/tr><tr class='info-table-row'><th class='info-table-icon'><i class='fa fa fa-fax'><\/i><\/th><td class='info-table-content'>0 262 728 15 36<\/td><\/tr><tr class='info-table-row'><th class='info-table-icon'><i class='fa fa fa-envelope'><\/i><\/th><td class='info-table-content'><strong><a href='mailto: info@irmakcelikyapi.com'> info@irmakcelikyapi.com<\/a><\/strong><\/td><\/tr><\/table><\/tbody>[\/vc_column][vc_column width=&#8221;1\/2&#8243;][contact-form-7 id=&#8221;2086&#8243;][\/vc_column][\/vc_row][vc_row full_width=&#8221;stretch_row&#8221; el_class=&#8221;no-bottom-padding-row&#8221; css=&#8221;.vc_custom_1460119742082{background-color: #3498db !important;}&#8221;][vc_column css=&#8221;.vc_custom_1453297229659{padding-top: 0px !important;}&#8221;]<div class=\"download\"><div class='download-content text-uppercase' style='color: #ffffff'><i class='fa fa fa-file-pdf-o'><\/i> H\u0130ZMET VE PROJE DETAYLARIMIZIN YER ALDI\u011eI KURUMSAL KATOLO\u011eUMUZU \u0130ND\u0130R\u0130N<\/div><a target='_self' href='#' class='btn btn-md btn-dark btn-shadow'><i class='fa fa fa-cloud-download'><\/i> \u0130ND\u0130R<\/a><\/div>[\/vc_column][\/vc_row]<\/p>\n","protected":false},"excerpt":{"rendered":"<p>[vc_row][vc_column][\/vc_column][\/vc_row][vc_row css=&#8221;.vc_custom_1494581100433{margin-bottom: 40px !important;}&#8221;][vc_column][vc_custom_heading text=&#8221;Contact Us&#8221; use_theme_fonts=&#8221;yes&#8221; el_class=&#8221;title&#8221;][\/vc_column][vc_column width=&#8221;1\/2&#8243;][\/vc_column][vc_column width=&#8221;1\/2&#8243;][contact-form-7 id=&#8221;2086&#8243;][\/vc_column][\/vc_row][vc_row full_width=&#8221;stretch_row&#8221; el_class=&#8221;no-bottom-padding-row&#8221; css=&#8221;.vc_custom_1460119742082{background-color: #3498db !important;}&#8221;][vc_column css=&#8221;.vc_custom_1453297229659{padding-top: 0px !important;}&#8221;][\/vc_column][\/vc_row]<\/p>\n","protected":false},"author":3,"featured_media":0,"parent":0,"menu_order":0,"comment_status":"closed","ping_status":"closed","template":"","meta":[],"yoast_head":"<!-- This site is optimized with the Yoast SEO plugin v16.1.1 - https:\/\/yoast.com\/wordpress\/plugins\/seo\/ -->\n<title>Contact Us | Irmak Yap\u0131 Sistemleri<\/title>\n<meta name=\"robots\" content=\"index, follow, max-snippet:-1, max-image-preview:large, max-video-preview:-1\" \/>\n<link rel=\"canonical\" href=\"https:\/\/irmakcelikyapi.com\/en\/contact\/\" \/>\n<meta property=\"og:locale\" content=\"en_US\" \/>\n<meta property=\"og:type\" content=\"article\" \/>\n<meta property=\"og:title\" content=\"Contact Us | Irmak Yap\u0131 Sistemleri\" \/>\n<meta property=\"og:description\" content=\"[vc_row][vc_column][\/vc_column][\/vc_row][vc_row css=&#8221;.vc_custom_1494581100433{margin-bottom: 40px !important;}&#8221;][vc_column][vc_custom_heading text=&#8221;Contact Us&#8221; use_theme_fonts=&#8221;yes&#8221; el_class=&#8221;title&#8221;][\/vc_column][vc_column width=&#8221;1\/2&#8243;][\/vc_column][vc_column width=&#8221;1\/2&#8243;][contact-form-7 id=&#8221;2086&#8243;][\/vc_column][\/vc_row][vc_row full_width=&#8221;stretch_row&#8221; el_class=&#8221;no-bottom-padding-row&#8221; css=&#8221;.vc_custom_1460119742082{background-color: #3498db !important;}&#8221;][vc_column css=&#8221;.vc_custom_1453297229659{padding-top: 0px !important;}&#8221;][\/vc_column][\/vc_row]\" \/>\n<meta property=\"og:url\" content=\"https:\/\/irmakcelikyapi.com\/en\/contact\/\" \/>\n<meta property=\"og:site_name\" content=\"Irmak Yap\u0131 Sistemleri\" \/>\n<meta property=\"article:publisher\" content=\"https:\/\/www.facebook.com\/irmakyapisistemleri\/\" \/>\n<meta property=\"article:modified_time\" content=\"2018-10-03T05:51:18+00:00\" \/>\n<meta name=\"twitter:card\" content=\"summary\" \/>\n<meta name=\"twitter:label1\" content=\"Est. reading time\">\n\t<meta name=\"twitter:data1\" content=\"1 minute\">\n<script type=\"application\/ld+json\" class=\"yoast-schema-graph\">{\"@context\":\"https:\/\/schema.org\",\"@graph\":[{\"@type\":\"Organization\",\"@id\":\"https:\/\/irmakcelikyapi.com\/#organization\",\"name\":\"Irmak \\u00c7elik Yap\\u0131 Sistemleri\",\"url\":\"https:\/\/irmakcelikyapi.com\/\",\"sameAs\":[\"https:\/\/www.facebook.com\/irmakyapisistemleri\/\",\"https:\/\/www.instagram.com\/irmakyapisistemleri\",\"https:\/\/tr.linkedin.com\/company\/irmak-yapi-sistemleri\"],\"logo\":{\"@type\":\"ImageObject\",\"@id\":\"https:\/\/irmakcelikyapi.com\/#logo\",\"inLanguage\":\"en-US\",\"url\":\"https:\/\/irmakcelikyapi.com\/wp-content\/uploads\/2017\/04\/mobile-logo-2-01.png\",\"contentUrl\":\"https:\/\/irmakcelikyapi.com\/wp-content\/uploads\/2017\/04\/mobile-logo-2-01.png\",\"width\":833,\"height\":208,\"caption\":\"Irmak \\u00c7elik Yap\\u0131 Sistemleri\"},\"image\":{\"@id\":\"https:\/\/irmakcelikyapi.com\/#logo\"}},{\"@type\":\"WebSite\",\"@id\":\"https:\/\/irmakcelikyapi.com\/#website\",\"url\":\"https:\/\/irmakcelikyapi.com\/\",\"name\":\"Irmak \\u00c7elik Yap\\u0131 Sistemleri\",\"description\":\"\\u00c7elik Yap\\u0131 ve \\u00c7elik Konstr\\u00fcksiyon\",\"publisher\":{\"@id\":\"https:\/\/irmakcelikyapi.com\/#organization\"},\"potentialAction\":[{\"@type\":\"SearchAction\",\"target\":\"https:\/\/irmakcelikyapi.com\/?s={search_term_string}\",\"query-input\":\"required name=search_term_string\"}],\"inLanguage\":\"en-US\"},{\"@type\":\"WebPage\",\"@id\":\"https:\/\/irmakcelikyapi.com\/en\/contact\/#webpage\",\"url\":\"https:\/\/irmakcelikyapi.com\/en\/contact\/\",\"name\":\"Contact Us | Irmak Yap\\u0131 Sistemleri\",\"isPartOf\":{\"@id\":\"https:\/\/irmakcelikyapi.com\/#website\"},\"datePublished\":\"2017-06-05T19:17:10+00:00\",\"dateModified\":\"2018-10-03T05:51:18+00:00\",\"breadcrumb\":{\"@id\":\"https:\/\/irmakcelikyapi.com\/en\/contact\/#breadcrumb\"},\"inLanguage\":\"en-US\",\"potentialAction\":[{\"@type\":\"ReadAction\",\"target\":[\"https:\/\/irmakcelikyapi.com\/en\/contact\/\"]}]},{\"@type\":\"BreadcrumbList\",\"@id\":\"https:\/\/irmakcelikyapi.com\/en\/contact\/#breadcrumb\",\"itemListElement\":[{\"@type\":\"ListItem\",\"position\":1,\"item\":{\"@type\":\"WebPage\",\"@id\":\"https:\/\/irmakcelikyapi.com\/en\/\",\"url\":\"https:\/\/irmakcelikyapi.com\/en\/\",\"name\":\"Anasayfa\"}},{\"@type\":\"ListItem\",\"position\":2,\"item\":{\"@type\":\"WebPage\",\"@id\":\"https:\/\/irmakcelikyapi.com\/en\/contact\/\",\"url\":\"https:\/\/irmakcelikyapi.com\/en\/contact\/\",\"name\":\"Contact Us\"}}]}]}<\/script>\n<!-- \/ Yoast SEO plugin. -->","_links":{"self":[{"href":"https:\/\/irmakcelikyapi.com\/en\/wp-json\/wp\/v2\/pages\/3108"}],"collection":[{"href":"https:\/\/irmakcelikyapi.com\/en\/wp-json\/wp\/v2\/pages"}],"about":[{"href":"https:\/\/irmakcelikyapi.com\/en\/wp-json\/wp\/v2\/types\/page"}],"author":[{"embeddable":true,"href":"https:\/\/irmakcelikyapi.com\/en\/wp-json\/wp\/v2\/users\/3"}],"replies":[{"embeddable":true,"href":"https:\/\/irmakcelikyapi.com\/en\/wp-json\/wp\/v2\/comments?post=3108"}],"version-history":[{"count":5,"href":"https:\/\/irmakcelikyapi.com\/en\/wp-json\/wp\/v2\/pages\/3108\/revisions"}],"predecessor-version":[{"id":3173,"href":"https:\/\/irmakcelikyapi.com\/en\/wp-json\/wp\/v2\/pages\/3108\/revisions\/3173"}],"wp:attachment":[{"href":"https:\/\/irmakcelikyapi.com\/en\/wp-json\/wp\/v2\/media?parent=3108"}],"curies":[{"name":"wp","href":"https:\/\/api.w.org\/{rel}","templated":true}]}}